{"id":25,"date":"2021-02-11T15:52:08","date_gmt":"2021-02-11T15:52:08","guid":{"rendered":"https:\/\/vieuxjeux.ca\/place-rosemere\/?page_id=25"},"modified":"2021-02-17T17:07:45","modified_gmt":"2021-02-17T17:07:45","slug":"grenier","status":"publish","type":"page","link":"https:\/\/vieuxjeux.ca\/place-rosemere\/grenier\/","title":{"rendered":"Grenier"},"content":{"rendered":"\t\t<div data-elementor-type=\"wp-page\" data-elementor-id=\"25\" class=\"elementor elementor-25\" data-elementor-post-type=\"page\">\n\t\t\t\t\t\t<section class=\"elementor-section elementor-top-section elementor-element elementor-element-307122df elementor-section-full_width elementor-section-height-default elementor-section-height-default\" data-id=\"307122df\" data-element_type=\"section\" data-e-type=\"section\">\n\t\t\t\t\t\t<div class=\"elementor-container elementor-column-gap-default\">\n\t\t\t\t\t<div class=\"elementor-column elementor-col-100 elementor-top-column elementor-element elementor-element-7bf7f80e\" data-id=\"7bf7f80e\" data-element_type=\"column\" data-e-type=\"column\" data-settings=\"{&quot;animation&quot;:&quot;none&quot;}\">\n\t\t\t<div class=\"elementor-widget-wrap elementor-element-populated\">\n\t\t\t\t\t\t<div class=\"elementor-element elementor-element-35e05125 elementor-fixed elementor-align-right elementor-widget elementor-widget-button\" data-id=\"35e05125\" data-element_type=\"widget\" data-e-type=\"widget\" data-settings=\"{&quot;_position&quot;:&quot;fixed&quot;}\" data-widget_type=\"button.default\">\n\t\t\t\t<div class=\"elementor-widget-container\">\n\t\t\t\t\t\t\t\t\t<div class=\"elementor-button-wrapper\">\n\t\t\t\t\t<a class=\"elementor-button elementor-button-link elementor-size-lg\" href=\"https:\/\/vieuxjeux.ca\/place-rosemere\/instructions\/\">\n\t\t\t\t\t\t<span class=\"elementor-button-content-wrapper\">\n\t\t\t\t\t\t<span class=\"elementor-button-icon\">\n\t\t\t\t<i aria-hidden=\"true\" class=\"fas fa-question\"><\/i>\t\t\t<\/span>\n\t\t\t\t\t\t\t\t<\/span>\n\t\t\t\t\t<\/a>\n\t\t\t\t<\/div>\n\t\t\t\t\t\t\t\t<\/div>\n\t\t\t\t<\/div>\n\t\t\t\t<section class=\"elementor-section elementor-inner-section elementor-element elementor-element-7ebef4cf elementor-section-boxed elementor-section-height-default elementor-section-height-default\" data-id=\"7ebef4cf\" data-element_type=\"section\" data-e-type=\"section\" data-settings=\"{&quot;animation&quot;:&quot;none&quot;}\">\n\t\t\t\t\t\t<div class=\"elementor-container elementor-column-gap-default\">\n\t\t\t\t\t<div class=\"elementor-column elementor-col-100 elementor-inner-column elementor-element elementor-element-3ed7e29c\" data-id=\"3ed7e29c\" data-element_type=\"column\" data-e-type=\"column\">\n\t\t\t<div class=\"elementor-widget-wrap elementor-element-populated\">\n\t\t\t\t\t\t<div class=\"elementor-element elementor-element-330825f6 elementor-widget elementor-widget-image\" data-id=\"330825f6\" data-element_type=\"widget\" data-e-type=\"widget\" data-widget_type=\"image.default\">\n\t\t\t\t<div class=\"elementor-widget-container\">\n\t\t\t\t\t\t\t\t\t\t\t\t\t\t\t<img fetchpriority=\"high\" decoding=\"async\" width=\"500\" height=\"373\" src=\"https:\/\/vieuxjeux.ca\/place-rosemere\/wp-content\/uploads\/sites\/9\/2021\/02\/04-signature-simple-2.png\" class=\"attachment-full size-full wp-image-122\" alt=\"\" srcset=\"https:\/\/vieuxjeux.ca\/place-rosemere\/wp-content\/uploads\/sites\/9\/2021\/02\/04-signature-simple-2.png 500w, https:\/\/vieuxjeux.ca\/place-rosemere\/wp-content\/uploads\/sites\/9\/2021\/02\/04-signature-simple-2-300x224.png 300w\" sizes=\"(max-width: 500px) 100vw, 500px\" \/>\t\t\t\t\t\t\t\t\t\t\t\t\t\t\t<\/div>\n\t\t\t\t<\/div>\n\t\t\t\t\t<\/div>\n\t\t<\/div>\n\t\t\t\t\t<\/div>\n\t\t<\/section>\n\t\t\t\t<section class=\"elementor-section elementor-inner-section elementor-element elementor-element-16f0fe0 elementor-section-boxed elementor-section-height-default elementor-section-height-default\" data-id=\"16f0fe0\" data-element_type=\"section\" data-e-type=\"section\">\n\t\t\t\t\t\t<div class=\"elementor-container elementor-column-gap-default\">\n\t\t\t\t\t<div class=\"elementor-column elementor-col-100 elementor-inner-column elementor-element elementor-element-a673b18\" data-id=\"a673b18\" data-element_type=\"column\" data-e-type=\"column\">\n\t\t\t<div class=\"elementor-widget-wrap elementor-element-populated\">\n\t\t\t\t\t\t<div class=\"elementor-element elementor-element-c7a7d3b elementor-widget elementor-widget-text-editor\" data-id=\"c7a7d3b\" data-element_type=\"widget\" data-e-type=\"widget\" data-widget_type=\"text-editor.default\">\n\t\t\t\t<div class=\"elementor-widget-container\">\n\t\t\t\t\t\t\t\t\t<p><strong>Bienvenue dans notre grenier!<\/strong>\u00a0<\/p><p>Parcours et farfouille l&rsquo;espace \u00e0 l\u2019aide de ta souris pour retrouver les quatorze (14) capsules anim\u00e9es dissimul\u00e9es derri\u00e8re les vieux jouets. Derri\u00e8re chaque capsule, tu pourras consulter ou imprimer une fiche d\u2019inspiration pour d\u00e9couvrir\u00a0mille possibilit\u00e9s de jouer. \u00a0<\/p><p>Place au \u00abVieux jeux\u00bb!\u00a0<\/p>\t\t\t\t\t\t\t\t<\/div>\n\t\t\t\t<\/div>\n\t\t\t\t\t<\/div>\n\t\t<\/div>\n\t\t\t\t\t<\/div>\n\t\t<\/section>\n\t\t\t\t<section class=\"elementor-section elementor-inner-section elementor-element elementor-element-5b793b73 elementor-section-full_width elementor-section-height-default elementor-section-height-default\" data-id=\"5b793b73\" data-element_type=\"section\" data-e-type=\"section\">\n\t\t\t\t\t\t<div class=\"elementor-container elementor-column-gap-default\">\n\t\t\t\t\t<div class=\"elementor-column elementor-col-100 elementor-inner-column elementor-element elementor-element-753d5343\" data-id=\"753d5343\" data-element_type=\"column\" data-e-type=\"column\">\n\t\t\t<div class=\"elementor-widget-wrap elementor-element-populated\">\n\t\t\t\t\t\t<div class=\"elementor-element elementor-element-6232ed6e elementor-widget elementor-widget-text-editor\" data-id=\"6232ed6e\" data-element_type=\"widget\" data-e-type=\"widget\" data-widget_type=\"text-editor.default\">\n\t\t\t\t<div class=\"elementor-widget-container\">\n\t\t\t\t\t\t\t\t\t<div id=\"mapplic-id313\" data-mapdata=\"{&quot;mapwidth&quot;:&quot;2560&quot;,&quot;mapheight&quot;:&quot;2137&quot;,&quot;height&quot;:&quot;auto&quot;,&quot;maxheight&quot;:&quot;2137&quot;,&quot;portrait&quot;:&quot;2560&quot;,&quot;action&quot;:&quot;tooltip&quot;,&quot;maxscale&quot;:&quot;3&quot;,&quot;fullscreen&quot;:true,&quot;hovertip&quot;:true,&quot;hovertipdesc&quot;:false,&quot;smartip&quot;:false,&quot;deeplinking&quot;:true,&quot;linknewtab&quot;:false,&quot;minimap&quot;:false,&quot;animations&quot;:false,&quot;zoom&quot;:false,&quot;zoombuttons&quot;:true,&quot;clearbutton&quot;:true,&quot;zoomoutclose&quot;:false,&quot;closezoomout&quot;:false,&quot;mousewheel&quot;:true,&quot;mapfill&quot;:false,&quot;sidebar&quot;:false,&quot;search&quot;:false,&quot;searchdescription&quot;:false,&quot;alphabetic&quot;:false,&quot;thumbholder&quot;:false,&quot;hidenofilter&quot;:false,&quot;highlight&quot;:false,&quot;topLat&quot;:&quot;&quot;,&quot;leftLng&quot;:&quot;&quot;,&quot;bottomLat&quot;:&quot;&quot;,&quot;rightLng&quot;:&quot;&quot;,&quot;levels&quot;:[{&quot;id&quot;:&quot;grenier2&quot;,&quot;title&quot;:&quot;grenier2&quot;,&quot;map&quot;:&quot;\/\/vieuxjeux.ca\/place-rosemere\/wp-content\/uploads\/sites\/9\/2021\/02\/VIEUXJEUX-2021_CARTE_7.svg&quot;,&quot;minimap&quot;:&quot;&quot;,&quot;locations&quot;:[{&quot;id&quot;:&quot;_x37_&quot;,&quot;title&quot;:&quot;Cache-cache&quot;,&quot;pin&quot;:&quot;hidden&quot;,&quot;link&quot;:&quot;https:\/\/vieuxjeux.ca\/place-rosemere\/jeu-1&quot;,&quot;action&quot;:&quot;open-link&quot;,&quot;x&quot;:&quot;0.6118&quot;,&quot;y&quot;:&quot;0.7297&quot;,&quot;level&quot;:&quot;grenier2&quot;,&quot;style&quot;:&quot;hover&quot;},{&quot;id&quot;:&quot;_x36_&quot;,&quot;title&quot;:&quot;Reconstruire sa maison&quot;,&quot;pin&quot;:&quot;hidden&quot;,&quot;link&quot;:&quot;https:\/\/vieuxjeux.ca\/place-rosemere\/jeu-2&quot;,&quot;style&quot;:&quot;hover&quot;,&quot;action&quot;:&quot;open-link&quot;,&quot;x&quot;:&quot;0.0335&quot;,&quot;y&quot;:&quot;0.5812&quot;,&quot;level&quot;:&quot;grenier2&quot;},{&quot;id&quot;:&quot;_x39_&quot;,&quot;title&quot;:&quot;Chasse aux tr&eacute;sors&quot;,&quot;pin&quot;:&quot;hidden&quot;,&quot;link&quot;:&quot;https:\/\/vieuxjeux.ca\/place-rosemere\/jeu-3&quot;,&quot;style&quot;:&quot;hover&quot;,&quot;action&quot;:&quot;open-link&quot;,&quot;x&quot;:&quot;0.0918&quot;,&quot;y&quot;:&quot;0.4183&quot;,&quot;level&quot;:&quot;grenier2&quot;},{&quot;id&quot;:&quot;_x33_&quot;,&quot;title&quot;:&quot;Jeux pour bouger&quot;,&quot;pin&quot;:&quot;hidden&quot;,&quot;link&quot;:&quot;https:\/\/vieuxjeux.ca\/place-rosemere\/jeu-4&quot;,&quot;style&quot;:&quot;hover&quot;,&quot;action&quot;:&quot;open-link&quot;,&quot;x&quot;:&quot;0.2969&quot;,&quot;y&quot;:&quot;0.8414&quot;,&quot;level&quot;:&quot;grenier2&quot;},{&quot;id&quot;:&quot;_x31_1&quot;,&quot;title&quot;:&quot;Place aux artistes&quot;,&quot;pin&quot;:&quot;hidden&quot;,&quot;link&quot;:&quot;https:\/\/vieuxjeux.ca\/place-rosemere\/jeu-5&quot;,&quot;style&quot;:&quot;hover&quot;,&quot;action&quot;:&quot;open-link&quot;,&quot;x&quot;:&quot;0.4271&quot;,&quot;y&quot;:&quot;0.3711&quot;,&quot;level&quot;:&quot;grenier2&quot;},{&quot;id&quot;:&quot;_x32_&quot;,&quot;title&quot;:&quot;En papier&quot;,&quot;pin&quot;:&quot;hidden&quot;,&quot;link&quot;:&quot;https:\/\/vieuxjeux.ca\/place-rosemere\/jeu-6&quot;,&quot;style&quot;:&quot;hover&quot;,&quot;action&quot;:&quot;open-link&quot;,&quot;x&quot;:&quot;0.7634&quot;,&quot;y&quot;:&quot;0.3094&quot;,&quot;level&quot;:&quot;grenier2&quot;},{&quot;id&quot;:&quot;_x31_0&quot;,&quot;title&quot;:&quot;Devinettes &agrave; l&#039;aveugle&quot;,&quot;pin&quot;:&quot;hidden&quot;,&quot;link&quot;:&quot;https:\/\/vieuxjeux.ca\/place-rosemere\/jeu-7&quot;,&quot;style&quot;:&quot;hover&quot;,&quot;action&quot;:&quot;open-link&quot;,&quot;x&quot;:&quot;0.8533&quot;,&quot;y&quot;:&quot;0.4148&quot;,&quot;level&quot;:&quot;grenier2&quot;},{&quot;id&quot;:&quot;_x38_&quot;,&quot;title&quot;:&quot;Mise en sc&egrave;ne&quot;,&quot;pin&quot;:&quot;hidden&quot;,&quot;link&quot;:&quot;https:\/\/vieuxjeux.ca\/place-rosemere\/jeu-11&quot;,&quot;style&quot;:&quot;hover&quot;,&quot;action&quot;:&quot;open-link&quot;,&quot;x&quot;:&quot;0.5442&quot;,&quot;y&quot;:&quot;0.4800&quot;,&quot;level&quot;:&quot;grenier2&quot;},{&quot;id&quot;:&quot;_x35_&quot;,&quot;title&quot;:&quot;Jeux de mots en famille&quot;,&quot;pin&quot;:&quot;hidden&quot;,&quot;link&quot;:&quot;https:\/\/vieuxjeux.ca\/place-rosemere\/jeu-9&quot;,&quot;style&quot;:&quot;hover&quot;,&quot;action&quot;:&quot;open-link&quot;,&quot;x&quot;:&quot;0.6890&quot;,&quot;y&quot;:&quot;0.5801&quot;,&quot;level&quot;:&quot;grenier2&quot;},{&quot;id&quot;:&quot;_x31_&quot;,&quot;title&quot;:&quot;Les d&eacute;fis loufoques&quot;,&quot;pin&quot;:&quot;hidden&quot;,&quot;link&quot;:&quot;https:\/\/vieuxjeux.ca\/place-rosemere\/jeu-10&quot;,&quot;style&quot;:&quot;hover&quot;,&quot;action&quot;:&quot;open-link&quot;,&quot;x&quot;:&quot;0.7206&quot;,&quot;y&quot;:&quot;0.6930&quot;,&quot;level&quot;:&quot;grenier2&quot;},{&quot;id&quot;:&quot;_x31_4&quot;,&quot;title&quot;:&quot;Bricolage&quot;,&quot;pin&quot;:&quot;hidden&quot;,&quot;link&quot;:&quot;https:\/\/vieuxjeux.ca\/place-rosemere\/jeu-13&quot;,&quot;style&quot;:&quot;hover&quot;,&quot;action&quot;:&quot;open-link&quot;,&quot;x&quot;:&quot;0.7906&quot;,&quot;y&quot;:&quot;0.5830&quot;,&quot;level&quot;:&quot;grenier2&quot;},{&quot;id&quot;:&quot;_x34_&quot;,&quot;title&quot;:&quot;Les miniatures&quot;,&quot;pin&quot;:&quot;hidden&quot;,&quot;link&quot;:&quot;https:\/\/vieuxjeux.ca\/place-rosemere\/jeu-8&quot;,&quot;style&quot;:&quot;hover&quot;,&quot;action&quot;:&quot;open-link&quot;,&quot;x&quot;:&quot;0.5413&quot;,&quot;y&quot;:&quot;0.5399&quot;,&quot;level&quot;:&quot;grenier2&quot;},{&quot;id&quot;:&quot;_x31_2&quot;,&quot;title&quot;:&quot;Doux combat&quot;,&quot;pin&quot;:&quot;hidden&quot;,&quot;link&quot;:&quot;https:\/\/vieuxjeux.ca\/place-rosemere\/jeu-12&quot;,&quot;action&quot;:&quot;open-link&quot;,&quot;x&quot;:&quot;0.9189&quot;,&quot;y&quot;:&quot;0.7326&quot;,&quot;level&quot;:&quot;grenier2&quot;,&quot;style&quot;:&quot;hover&quot;},{&quot;id&quot;:&quot;_x31_3&quot;,&quot;title&quot;:&quot;Place &agrave; la musique&quot;,&quot;pin&quot;:&quot;hidden&quot;,&quot;link&quot;:&quot;https:\/\/vieuxjeux.ca\/place-rosemere\/jeu-14&quot;,&quot;style&quot;:&quot;hover&quot;,&quot;action&quot;:&quot;open-link&quot;,&quot;x&quot;:&quot;0.9485&quot;,&quot;y&quot;:&quot;0.6546&quot;,&quot;level&quot;:&quot;grenier2&quot;},{&quot;id&quot;:&quot;Bonus_3&quot;,&quot;title&quot;:&quot;Coloriage bonus #3&quot;,&quot;pin&quot;:&quot;hidden&quot;,&quot;style&quot;:&quot;hovercoloriage&quot;,&quot;action&quot;:&quot;open-link&quot;,&quot;x&quot;:&quot;0.8601&quot;,&quot;y&quot;:&quot;0.6441&quot;,&quot;level&quot;:&quot;grenier2&quot;,&quot;link&quot;:&quot;https:\/\/vieuxjeux.ca\/place-rosemere\/wp-content\/uploads\/sites\/9\/2023\/02\/Coloriages_3_ROSEMERE.pdf&quot;},{&quot;id&quot;:&quot;Bonus_1&quot;,&quot;title&quot;:&quot;Coloriage Bonus #1&quot;,&quot;pin&quot;:&quot;hidden&quot;,&quot;link&quot;:&quot;https:\/\/vieuxjeux.ca\/place-rosemere\/wp-content\/uploads\/sites\/9\/2023\/02\/Coloriages_1_ROSEMERE.pdf&quot;,&quot;style&quot;:&quot;hovercoloriage&quot;,&quot;action&quot;:&quot;open-link&quot;,&quot;x&quot;:&quot;0.0943&quot;,&quot;y&quot;:&quot;0.7294&quot;,&quot;level&quot;:&quot;grenier2&quot;},{&quot;id&quot;:&quot;Bonus_2&quot;,&quot;title&quot;:&quot;Coloriage bonus #2&quot;,&quot;pin&quot;:&quot;hidden&quot;,&quot;link&quot;:&quot;https:\/\/vieuxjeux.ca\/place-rosemere\/wp-content\/uploads\/sites\/9\/2023\/02\/Coloriages_2_ROSEMERE.pdf&quot;,&quot;style&quot;:&quot;hovercoloriage&quot;,&quot;action&quot;:&quot;open-link&quot;,&quot;x&quot;:&quot;0.2502&quot;,&quot;y&quot;:&quot;0.6013&quot;,&quot;level&quot;:&quot;grenier2&quot;}]}],&quot;styles&quot;:[{&quot;base&quot;:{&quot;fill&quot;:&quot;&quot;},&quot;hover&quot;:{&quot;fill&quot;:&quot;rgba(255,174,35,0.85)&quot;},&quot;active&quot;:{&quot;fill&quot;:&quot;&quot;},&quot;class&quot;:&quot;hover&quot;},{&quot;base&quot;:{&quot;fill&quot;:&quot;&quot;},&quot;hover&quot;:{&quot;fill&quot;:&quot;rgba(76,216,216,0.75)&quot;},&quot;active&quot;:{&quot;fill&quot;:&quot;&quot;},&quot;class&quot;:&quot;hovercoloriage&quot;}],&quot;categories&quot;:[]}\" data-height=\"auto\"><\/div>\t\t\t\t\t\t\t\t<\/div>\n\t\t\t\t<\/div>\n\t\t\t\t\t<\/div>\n\t\t<\/div>\n\t\t\t\t\t<\/div>\n\t\t<\/section>\n\t\t\t\t\t<\/div>\n\t\t<\/div>\n\t\t\t\t\t<\/div>\n\t\t<\/section>\n\t\t\t\t<\/div>\n\t\t","protected":false},"excerpt":{"rendered":"<p>Bienvenue dans notre grenier!\u00a0 Parcours et farfouille l&rsquo;espace \u00e0 l\u2019aide de ta souris pour retrouver les quatorze (14) capsules anim\u00e9es dissimul\u00e9es derri\u00e8re les vieux jouets. Derri\u00e8re chaque capsule, tu pourras consulter ou imprimer une fiche d\u2019inspiration pour d\u00e9couvrir\u00a0mille possibilit\u00e9s de jouer. \u00a0 Place au \u00abVieux jeux\u00bb!\u00a0<\/p>\n","protected":false},"author":1,"featured_media":0,"parent":0,"menu_order":0,"comment_status":"closed","ping_status":"closed","template":"elementor_header_footer","meta":{"footnotes":""},"class_list":["post-25","page","type-page","status-publish","hentry"],"_links":{"self":[{"href":"https:\/\/vieuxjeux.ca\/place-rosemere\/wp-json\/wp\/v2\/pages\/25","targetHints":{"allow":["GET"]}}],"collection":[{"href":"https:\/\/vieuxjeux.ca\/place-rosemere\/wp-json\/wp\/v2\/pages"}],"about":[{"href":"https:\/\/vieuxjeux.ca\/place-rosemere\/wp-json\/wp\/v2\/types\/page"}],"author":[{"embeddable":true,"href":"https:\/\/vieuxjeux.ca\/place-rosemere\/wp-json\/wp\/v2\/users\/1"}],"replies":[{"embeddable":true,"href":"https:\/\/vieuxjeux.ca\/place-rosemere\/wp-json\/wp\/v2\/comments?post=25"}],"version-history":[{"count":80,"href":"https:\/\/vieuxjeux.ca\/place-rosemere\/wp-json\/wp\/v2\/pages\/25\/revisions"}],"predecessor-version":[{"id":758,"href":"https:\/\/vieuxjeux.ca\/place-rosemere\/wp-json\/wp\/v2\/pages\/25\/revisions\/758"}],"wp:attachment":[{"href":"https:\/\/vieuxjeux.ca\/place-rosemere\/wp-json\/wp\/v2\/media?parent=25"}],"curies":[{"name":"wp","href":"https:\/\/api.w.org\/{rel}","templated":true}]}}