{"id":35,"date":"2021-02-11T16:02:01","date_gmt":"2021-02-11T16:02:01","guid":{"rendered":"https:\/\/vieuxjeux.ca\/place-rosemere\/?page_id=35"},"modified":"2021-02-17T16:54:49","modified_gmt":"2021-02-17T16:54:49","slug":"instructions","status":"publish","type":"page","link":"https:\/\/vieuxjeux.ca\/place-rosemere\/instructions\/","title":{"rendered":"Instructions"},"content":{"rendered":"\t\t<div data-elementor-type=\"wp-page\" data-elementor-id=\"35\" class=\"elementor elementor-35\" data-elementor-post-type=\"page\">\n\t\t\t\t\t\t<section class=\"elementor-section elementor-top-section elementor-element elementor-element-55c98285 elementor-section-boxed elementor-section-height-default elementor-section-height-default\" data-id=\"55c98285\" data-element_type=\"section\" data-e-type=\"section\" data-settings=\"{&quot;background_background&quot;:&quot;gradient&quot;}\">\n\t\t\t\t\t\t<div class=\"elementor-container elementor-column-gap-default\">\n\t\t\t\t\t<div class=\"elementor-column elementor-col-100 elementor-top-column elementor-element elementor-element-5a659634 elementor-invisible\" data-id=\"5a659634\" data-element_type=\"column\" data-e-type=\"column\" data-settings=\"{&quot;animation&quot;:&quot;slideInUp&quot;}\">\n\t\t\t<div class=\"elementor-widget-wrap elementor-element-populated\">\n\t\t\t\t\t\t<section class=\"elementor-section elementor-inner-section elementor-element elementor-element-5b4290df elementor-section-boxed elementor-section-height-default elementor-section-height-default\" data-id=\"5b4290df\" data-element_type=\"section\" data-e-type=\"section\">\n\t\t\t\t\t\t<div class=\"elementor-container elementor-column-gap-default\">\n\t\t\t\t\t<div class=\"elementor-column elementor-col-100 elementor-inner-column elementor-element elementor-element-65162c42\" data-id=\"65162c42\" data-element_type=\"column\" data-e-type=\"column\">\n\t\t\t<div class=\"elementor-widget-wrap elementor-element-populated\">\n\t\t\t\t\t\t<div class=\"elementor-element elementor-element-3cdb3230 elementor-widget elementor-widget-image\" data-id=\"3cdb3230\" data-element_type=\"widget\" data-e-type=\"widget\" data-widget_type=\"image.default\">\n\t\t\t\t<div class=\"elementor-widget-container\">\n\t\t\t\t\t\t\t\t\t\t\t\t\t\t\t<img fetchpriority=\"high\" decoding=\"async\" width=\"500\" height=\"373\" src=\"https:\/\/vieuxjeux.ca\/place-rosemere\/wp-content\/uploads\/sites\/9\/2021\/02\/04-signature-simple-2.png\" class=\"attachment-full size-full wp-image-122\" alt=\"\" srcset=\"https:\/\/vieuxjeux.ca\/place-rosemere\/wp-content\/uploads\/sites\/9\/2021\/02\/04-signature-simple-2.png 500w, https:\/\/vieuxjeux.ca\/place-rosemere\/wp-content\/uploads\/sites\/9\/2021\/02\/04-signature-simple-2-300x224.png 300w\" sizes=\"(max-width: 500px) 100vw, 500px\" \/>\t\t\t\t\t\t\t\t\t\t\t\t\t\t\t<\/div>\n\t\t\t\t<\/div>\n\t\t\t\t\t<\/div>\n\t\t<\/div>\n\t\t\t\t\t<\/div>\n\t\t<\/section>\n\t\t\t\t<section class=\"elementor-section elementor-inner-section elementor-element elementor-element-1c404cd5 elementor-section-boxed elementor-section-height-default elementor-section-height-default\" data-id=\"1c404cd5\" data-element_type=\"section\" data-e-type=\"section\">\n\t\t\t\t\t\t<div class=\"elementor-container elementor-column-gap-default\">\n\t\t\t\t\t<div class=\"elementor-column elementor-col-100 elementor-inner-column elementor-element elementor-element-52dae5e\" data-id=\"52dae5e\" data-element_type=\"column\" data-e-type=\"column\">\n\t\t\t<div class=\"elementor-widget-wrap elementor-element-populated\">\n\t\t\t\t\t\t<div class=\"elementor-element elementor-element-499795e1 elementor-widget elementor-widget-image\" data-id=\"499795e1\" data-element_type=\"widget\" data-e-type=\"widget\" data-widget_type=\"image.default\">\n\t\t\t\t<div class=\"elementor-widget-container\">\n\t\t\t\t\t\t\t\t\t\t\t\t\t\t\t<img decoding=\"async\" width=\"500\" height=\"500\" src=\"https:\/\/vieuxjeux.ca\/place-rosemere\/wp-content\/uploads\/sites\/9\/2021\/02\/06-rond-instructions.png\" class=\"attachment-full size-full wp-image-145\" alt=\"\" srcset=\"https:\/\/vieuxjeux.ca\/place-rosemere\/wp-content\/uploads\/sites\/9\/2021\/02\/06-rond-instructions.png 500w, https:\/\/vieuxjeux.ca\/place-rosemere\/wp-content\/uploads\/sites\/9\/2021\/02\/06-rond-instructions-300x300.png 300w, https:\/\/vieuxjeux.ca\/place-rosemere\/wp-content\/uploads\/sites\/9\/2021\/02\/06-rond-instructions-150x150.png 150w\" sizes=\"(max-width: 500px) 100vw, 500px\" \/>\t\t\t\t\t\t\t\t\t\t\t\t\t\t\t<\/div>\n\t\t\t\t<\/div>\n\t\t\t\t<div class=\"elementor-element elementor-element-4a46e2bc elementor-widget elementor-widget-text-editor\" data-id=\"4a46e2bc\" data-element_type=\"widget\" data-e-type=\"widget\" data-widget_type=\"text-editor.default\">\n\t\t\t\t<div class=\"elementor-widget-container\">\n\t\t\t\t\t\t\t\t\tParcours l\u2019espace du grenier et rep\u00e8re \u00e0 l\u2019aide de ta souris les jouets anim\u00e9s. Lorsqu\u2019un jouet est localis\u00e9, clique sur celui-ci pour d\u00e9couvrir la capsule vid\u00e9o associ\u00e9e. <br><br>Visionne la capsule et laisse-toi ensuite inspirer par la fiche d\u2019activit\u00e9 que tu pourras consulter ou imprimer. En tout quatorze (14) surprises \u00e0 retrouver ! <br><br>\n\n\u00c0 vos marques\u2026 pr\u00eats? Jouez!\u00a0\t\t\t\t\t\t\t\t<\/div>\n\t\t\t\t<\/div>\n\t\t\t\t<div class=\"elementor-element elementor-element-6eb60aff elementor-widget elementor-widget-image\" data-id=\"6eb60aff\" data-element_type=\"widget\" data-e-type=\"widget\" data-widget_type=\"image.default\">\n\t\t\t\t<div class=\"elementor-widget-container\">\n\t\t\t\t\t\t\t\t\t\t\t\t\t\t\t<img decoding=\"async\" width=\"555\" height=\"197\" src=\"https:\/\/vieuxjeux.ca\/place-rosemere\/wp-content\/uploads\/sites\/9\/2021\/02\/07-objets-caches.png\" class=\"attachment-full size-full wp-image-155\" alt=\"\" srcset=\"https:\/\/vieuxjeux.ca\/place-rosemere\/wp-content\/uploads\/sites\/9\/2021\/02\/07-objets-caches.png 555w, https:\/\/vieuxjeux.ca\/place-rosemere\/wp-content\/uploads\/sites\/9\/2021\/02\/07-objets-caches-300x106.png 300w\" sizes=\"(max-width: 555px) 100vw, 555px\" \/>\t\t\t\t\t\t\t\t\t\t\t\t\t\t\t<\/div>\n\t\t\t\t<\/div>\n\t\t\t\t<div class=\"elementor-element elementor-element-2b485e38 elementor-widget elementor-widget-text-editor\" data-id=\"2b485e38\" data-element_type=\"widget\" data-e-type=\"widget\" data-widget_type=\"text-editor.default\">\n\t\t\t\t<div class=\"elementor-widget-container\">\n\t\t\t\t\t\t\t\t\t<b>Psst&#8230;<\/b>\u00a0trois dessins \u00e0 colorier se sont camoufl\u00e9s \u00e0 l\u2019int\u00e9rieur de notre grenier. Sauras-tu les retrouver? \t\t\t\t\t\t\t\t<\/div>\n\t\t\t\t<\/div>\n\t\t\t\t<div class=\"elementor-element elementor-element-d99d9dd elementor-align-center elementor-widget elementor-widget-button\" data-id=\"d99d9dd\" data-element_type=\"widget\" data-e-type=\"widget\" data-widget_type=\"button.default\">\n\t\t\t\t<div class=\"elementor-widget-container\">\n\t\t\t\t\t\t\t\t\t<div class=\"elementor-button-wrapper\">\n\t\t\t\t\t<a class=\"elementor-button elementor-button-link elementor-size-xl\" href=\"https:\/\/vieuxjeux.ca\/place-rosemere\/grenier\/\">\n\t\t\t\t\t\t<span class=\"elementor-button-content-wrapper\">\n\t\t\t\t\t\t\t\t\t<span class=\"elementor-button-text\">RETOUR AU GRENIER<\/span>\n\t\t\t\t\t<\/span>\n\t\t\t\t\t<\/a>\n\t\t\t\t<\/div>\n\t\t\t\t\t\t\t\t<\/div>\n\t\t\t\t<\/div>\n\t\t\t\t\t<\/div>\n\t\t<\/div>\n\t\t\t\t\t<\/div>\n\t\t<\/section>\n\t\t\t\t\t<\/div>\n\t\t<\/div>\n\t\t\t\t\t<\/div>\n\t\t<\/section>\n\t\t\t\t<\/div>\n\t\t","protected":false},"excerpt":{"rendered":"<p>Parcours l\u2019espace du grenier et rep\u00e8re \u00e0 l\u2019aide de ta souris les jouets anim\u00e9s. Lorsqu\u2019un jouet est localis\u00e9, clique sur celui-ci pour d\u00e9couvrir la capsule vid\u00e9o associ\u00e9e. Visionne la capsule et laisse-toi ensuite inspirer par la fiche d\u2019activit\u00e9 que tu pourras consulter ou imprimer. En tout quatorze (14) surprises \u00e0 retrouver ! \u00c0 vos marques\u2026 [&hellip;]<\/p>\n","protected":false},"author":1,"featured_media":0,"parent":0,"menu_order":0,"comment_status":"closed","ping_status":"closed","template":"elementor_header_footer","meta":{"footnotes":""},"class_list":["post-35","page","type-page","status-publish","hentry"],"_links":{"self":[{"href":"https:\/\/vieuxjeux.ca\/place-rosemere\/wp-json\/wp\/v2\/pages\/35","targetHints":{"allow":["GET"]}}],"collection":[{"href":"https:\/\/vieuxjeux.ca\/place-rosemere\/wp-json\/wp\/v2\/pages"}],"about":[{"href":"https:\/\/vieuxjeux.ca\/place-rosemere\/wp-json\/wp\/v2\/types\/page"}],"author":[{"embeddable":true,"href":"https:\/\/vieuxjeux.ca\/place-rosemere\/wp-json\/wp\/v2\/users\/1"}],"replies":[{"embeddable":true,"href":"https:\/\/vieuxjeux.ca\/place-rosemere\/wp-json\/wp\/v2\/comments?post=35"}],"version-history":[{"count":55,"href":"https:\/\/vieuxjeux.ca\/place-rosemere\/wp-json\/wp\/v2\/pages\/35\/revisions"}],"predecessor-version":[{"id":739,"href":"https:\/\/vieuxjeux.ca\/place-rosemere\/wp-json\/wp\/v2\/pages\/35\/revisions\/739"}],"wp:attachment":[{"href":"https:\/\/vieuxjeux.ca\/place-rosemere\/wp-json\/wp\/v2\/media?parent=35"}],"curies":[{"name":"wp","href":"https:\/\/api.w.org\/{rel}","templated":true}]}}