{"id":6,"date":"2021-02-11T15:49:12","date_gmt":"2021-02-11T15:49:12","guid":{"rendered":"https:\/\/vieuxjeux.ca\/place-rosemere\/?page_id=6"},"modified":"2023-02-15T18:13:56","modified_gmt":"2023-02-15T18:13:56","slug":"accueil","status":"publish","type":"page","link":"https:\/\/vieuxjeux.ca\/place-rosemere\/","title":{"rendered":"Accueil"},"content":{"rendered":"\t\t<div data-elementor-type=\"wp-page\" data-elementor-id=\"6\" class=\"elementor elementor-6\" data-elementor-post-type=\"page\">\n\t\t\t\t\t\t<section class=\"elementor-section elementor-top-section elementor-element elementor-element-5a763fda elementor-section-height-min-height elementor-section-boxed elementor-section-height-default elementor-section-items-middle\" data-id=\"5a763fda\" data-element_type=\"section\" data-e-type=\"section\" data-settings=\"{&quot;background_background&quot;:&quot;classic&quot;}\">\n\t\t\t\t\t\t<div class=\"elementor-container elementor-column-gap-default\">\n\t\t\t\t\t<div class=\"elementor-column elementor-col-100 elementor-top-column elementor-element elementor-element-5cc1bb00 elementor-invisible\" data-id=\"5cc1bb00\" data-element_type=\"column\" data-e-type=\"column\" data-settings=\"{&quot;animation&quot;:&quot;slideInUp&quot;}\">\n\t\t\t<div class=\"elementor-widget-wrap elementor-element-populated\">\n\t\t\t\t\t\t<div class=\"elementor-element elementor-element-47ff3b9e elementor-widget elementor-widget-image\" data-id=\"47ff3b9e\" data-element_type=\"widget\" data-e-type=\"widget\" data-widget_type=\"image.default\">\n\t\t\t\t<div class=\"elementor-widget-container\">\n\t\t\t\t\t\t\t\t\t\t\t\t\t\t\t\t<a href=\"https:\/\/ideealiste.com\/\" target=\"_blank\" rel=\"noopener\">\n\t\t\t\t\t\t\t<img decoding=\"async\" src=\"https:\/\/vieuxjeux.ca\/place-rosemere\/wp-content\/uploads\/sites\/9\/2021\/02\/03-logo-ideealiste-20.svg\" class=\"attachment-full size-full wp-image-99\" alt=\"\" \/>\t\t\t\t\t\t\t\t<\/a>\n\t\t\t\t\t\t\t\t\t\t\t\t\t\t\t<\/div>\n\t\t\t\t<\/div>\n\t\t\t\t<div class=\"elementor-element elementor-element-1f925b2f elementor-widget elementor-widget-image\" data-id=\"1f925b2f\" data-element_type=\"widget\" data-e-type=\"widget\" data-widget_type=\"image.default\">\n\t\t\t\t<div class=\"elementor-widget-container\">\n\t\t\t\t\t\t\t\t\t\t\t\t\t\t\t<img fetchpriority=\"high\" decoding=\"async\" width=\"5000\" height=\"4375\" src=\"https:\/\/vieuxjeux.ca\/place-rosemere\/wp-content\/uploads\/sites\/9\/2023\/02\/Signature_Vieux_Jeux_ROSEMERE.png\" class=\"attachment-full size-full wp-image-802\" alt=\"\" srcset=\"https:\/\/vieuxjeux.ca\/place-rosemere\/wp-content\/uploads\/sites\/9\/2023\/02\/Signature_Vieux_Jeux_ROSEMERE.png 5000w, https:\/\/vieuxjeux.ca\/place-rosemere\/wp-content\/uploads\/sites\/9\/2023\/02\/Signature_Vieux_Jeux_ROSEMERE-300x263.png 300w, https:\/\/vieuxjeux.ca\/place-rosemere\/wp-content\/uploads\/sites\/9\/2023\/02\/Signature_Vieux_Jeux_ROSEMERE-1024x896.png 1024w, https:\/\/vieuxjeux.ca\/place-rosemere\/wp-content\/uploads\/sites\/9\/2023\/02\/Signature_Vieux_Jeux_ROSEMERE-768x672.png 768w, https:\/\/vieuxjeux.ca\/place-rosemere\/wp-content\/uploads\/sites\/9\/2023\/02\/Signature_Vieux_Jeux_ROSEMERE-1536x1344.png 1536w, https:\/\/vieuxjeux.ca\/place-rosemere\/wp-content\/uploads\/sites\/9\/2023\/02\/Signature_Vieux_Jeux_ROSEMERE-2048x1792.png 2048w\" sizes=\"(max-width: 5000px) 100vw, 5000px\" \/>\t\t\t\t\t\t\t\t\t\t\t\t\t\t\t<\/div>\n\t\t\t\t<\/div>\n\t\t\t\t<div class=\"elementor-element elementor-element-5abfbca elementor-widget elementor-widget-heading\" data-id=\"5abfbca\" data-element_type=\"widget\" data-e-type=\"widget\" data-widget_type=\"heading.default\">\n\t\t\t\t<div class=\"elementor-widget-container\">\n\t\t\t\t\t<h1 class=\"elementor-heading-title elementor-size-default\">Une plate-forme unique pour s\u2019amuser!<\/h1>\t\t\t\t<\/div>\n\t\t\t\t<\/div>\n\t\t\t\t<div class=\"elementor-element elementor-element-103d1df0 elementor-widget elementor-widget-text-editor\" data-id=\"103d1df0\" data-element_type=\"widget\" data-e-type=\"widget\" data-widget_type=\"text-editor.default\">\n\t\t\t\t<div class=\"elementor-widget-container\">\n\t\t\t\t\t\t\t\t\t<div>Retrouvez quatorze cat\u00e9gories de jeux remplies d&rsquo;id\u00e9es d\u2019activit\u00e9s et de surprises\u2026 en formule d\u00e9branch\u00e9e!<br>\n\u00c0 vos marques\u2026 pr\u00eats? Jouez!<\/div>\t\t\t\t\t\t\t\t<\/div>\n\t\t\t\t<\/div>\n\t\t\t\t<div class=\"elementor-element elementor-element-3a051704 elementor-align-center elementor-widget elementor-widget-button\" data-id=\"3a051704\" data-element_type=\"widget\" data-e-type=\"widget\" data-widget_type=\"button.default\">\n\t\t\t\t<div class=\"elementor-widget-container\">\n\t\t\t\t\t\t\t\t\t<div class=\"elementor-button-wrapper\">\n\t\t\t\t\t<a class=\"elementor-button elementor-button-link elementor-size-xl\" href=\"https:\/\/vieuxjeux.ca\/place-rosemere\/grenier\/\">\n\t\t\t\t\t\t<span class=\"elementor-button-content-wrapper\">\n\t\t\t\t\t\t\t\t\t<span class=\"elementor-button-text\">Commencer \u00e0 jouer<\/span>\n\t\t\t\t\t<\/span>\n\t\t\t\t\t<\/a>\n\t\t\t\t<\/div>\n\t\t\t\t\t\t\t\t<\/div>\n\t\t\t\t<\/div>\n\t\t\t\t\t<\/div>\n\t\t<\/div>\n\t\t\t\t\t<\/div>\n\t\t<\/section>\n\t\t\t\t<\/div>\n\t\t","protected":false},"excerpt":{"rendered":"<p>Une plate-forme unique pour s\u2019amuser! Retrouvez quatorze cat\u00e9gories de jeux remplies d&rsquo;id\u00e9es d\u2019activit\u00e9s et de surprises\u2026 en formule d\u00e9branch\u00e9e! \u00c0 vos marques\u2026 pr\u00eats? Jouez! Commencer \u00e0 jouer<\/p>\n","protected":false},"author":1,"featured_media":0,"parent":0,"menu_order":0,"comment_status":"closed","ping_status":"closed","template":"elementor_header_footer","meta":{"footnotes":""},"class_list":["post-6","page","type-page","status-publish","hentry"],"_links":{"self":[{"href":"https:\/\/vieuxjeux.ca\/place-rosemere\/wp-json\/wp\/v2\/pages\/6","targetHints":{"allow":["GET"]}}],"collection":[{"href":"https:\/\/vieuxjeux.ca\/place-rosemere\/wp-json\/wp\/v2\/pages"}],"about":[{"href":"https:\/\/vieuxjeux.ca\/place-rosemere\/wp-json\/wp\/v2\/types\/page"}],"author":[{"embeddable":true,"href":"https:\/\/vieuxjeux.ca\/place-rosemere\/wp-json\/wp\/v2\/users\/1"}],"replies":[{"embeddable":true,"href":"https:\/\/vieuxjeux.ca\/place-rosemere\/wp-json\/wp\/v2\/comments?post=6"}],"version-history":[{"count":106,"href":"https:\/\/vieuxjeux.ca\/place-rosemere\/wp-json\/wp\/v2\/pages\/6\/revisions"}],"predecessor-version":[{"id":805,"href":"https:\/\/vieuxjeux.ca\/place-rosemere\/wp-json\/wp\/v2\/pages\/6\/revisions\/805"}],"wp:attachment":[{"href":"https:\/\/vieuxjeux.ca\/place-rosemere\/wp-json\/wp\/v2\/media?parent=6"}],"curies":[{"name":"wp","href":"https:\/\/api.w.org\/{rel}","templated":true}]}}